{"id":3049,"date":"2025-03-25T06:09:15","date_gmt":"2025-03-25T10:09:15","guid":{"rendered":"\/faites-de-la-publicite-avec-nous\/"},"modified":"2025-04-14T08:35:11","modified_gmt":"2025-04-14T12:35:11","slug":"faites-de-la-publicite-avec-nous","status":"publish","type":"page","link":"https:\/\/www.lcn.today\/fr\/faites-de-la-publicite-avec-nous\/","title":{"rendered":"Advertise Us"},"content":{"rendered":"\n<p><strong>Entrez en contact avec un public canadien engag\u00e9, inform\u00e9 et en pleine croissance.<\/strong><br\/>CanadaOps24 (CO24) est une source fiable de nouvelles, d&rsquo;analyses et de perspectives culturelles pour les lecteurs de tout le pays. Notre public vient \u00e0 nous pour la clart\u00e9, la profondeur et la pertinence &#8211; et votre marque peut faire partie de cette exp\u00e9rience.<\/p>\n\n<p>Avec une couverture 24 heures sur 24 et 7 jours sur 7 et un large \u00e9ventail de sujets &#8211; de l&rsquo;actualit\u00e9 aux affaires, en passant par le style de vie et la culture &#8211; CO24 touche un public diversifi\u00e9 qui appr\u00e9cie les contenus de qualit\u00e9 et les r\u00e9cits significatifs.<\/p>\n\n<p>Que vous souhaitiez accro\u00eetre la notori\u00e9t\u00e9 de votre marque, lancer un produit ou vous aligner sur un journalisme percutant, nous vous offrons des possibilit\u00e9s de publicit\u00e9 flexibles qui r\u00e9pondent \u00e0 vos objectifs :<\/p>\n\n<ul class=\"wp-block-list\">\n<li>Contenu natif et histoires sponsoris\u00e9es<\/li>\n\n\n\n<li>Banni\u00e8re et affichage publicitaire<\/li>\n\n\n\n<li>Sponsorisation de bulletins d&rsquo;information et de podcasts<\/li>\n\n\n\n<li>Campagnes de partenariat personnalis\u00e9es<\/li>\n<\/ul>\n\n<p>Nous ne sommes pas seulement une plateforme m\u00e9diatique &#8211; nous sommes un espace de connexion, de conversation et de cr\u00e9dibilit\u00e9.<\/p>\n\n<p>\ud83d\udd0e <strong>Vous voulez en savoir plus sur qui nous sommes et ce que nous d\u00e9fendons ?<\/strong><br\/>Consultez notre page <a href=\"\/fr\/a-propos-de-nous\/\">\u00ab\u00a0\u00c0 propos de nous\u00a0\u00bb.<\/a> <\/p>\n\n<p>\ud83d\udce7 <strong>Travaillons ensemble :<\/strong> <a href=\"mailto:contact@co24.ca\" data-type=\"mailto\" data-id=\"mailto:contact@co24.ca\">contact@co24.ca<\/a><\/p>\n","protected":false},"excerpt":{"rendered":"<p>Entrez en contact avec un public canadien engag\u00e9, inform\u00e9 et en pleine croissance.CanadaOps24 (CO24) est une source fiable de nouvelles, d&rsquo;analyses et de perspectives culturelles pour les lecteurs de tout le pays. Notre public vient \u00e0 nous pour la clart\u00e9, la profondeur et la pertinence &#8211; et votre marque peut faire partie de cette exp\u00e9rience. [&hellip;]<\/p>\n","protected":false},"author":1,"featured_media":0,"parent":0,"menu_order":0,"comment_status":"closed","ping_status":"closed","template":"","meta":{"footnotes":""},"class_list":["post-3049","page","type-page","status-publish"],"_wp_attachment_metadata":null,"_wp_attached_file":null,"wpml_media_processed":null,"_wp_attachment_wp_user_avatar":null,"_wp_attachment_image_alt":null,"text_subscribed":null,"text_error":null,"text_invalid_email":null,"text_already_subscribed":null,"text_required_field_missing":null,"text_unsubscribed":null,"text_not_subscribed":null,"text_no_lists_selected":null,"_mc4wp_settings":null,"text_updated":null,"_menu_item_type":null,"_menu_item_menu_item_parent":null,"_menu_item_object_id":null,"_menu_item_object":null,"_menu_item_target":null,"_menu_item_classes":null,"_menu_item_xfn":null,"_menu_item_url":null,"_menu_item_orphaned":null,"foxiz_menu_meta":null,"ao_post_optimize":null,"rank_math_title":"Annoncez avec nous | CanadaOps24 - Rejoignez des lecteurs canadiens engag\u00e9s","rank_math_pillar_content":null,"_pingme":null,"_encloseme":null,"ruby_live_blog":null,"rank_math_primary_category":null,"ppma_disable_author_box":null,"ruby_tagline":null,"ppma_boxes_layout_meta_value":null,"ppmacf_slug":null,"ppmacf_type":null,"ppmacf_field_status":null,"ppmacf_requirement":null,"ppmacf_social_profile":null,"ppmacf_schema_property":null,"ppmacf_rel":null,"ppmacf_target":null,"ppmacf_description":null,"ppmacf_inbuilt":null,"_wp_old_slug":null,"footnotes":null,"_form":null,"_mail":null,"_mail_2":null,"_messages":null,"_additional_settings":null,"_locale":null,"_config_errors":null,"_hash":null,"_config_validation":null,"_wp_trash_meta_status":null,"_wp_trash_meta_time":null,"ppma_authors_name":"Jack Martin","foxiz_content_total_word":"208","_wpml_word_count":"218","_elementor_edit_mode":null,"_elementor_template_type":null,"_edit_lock":"1744634112:1","_wp_page_template":"","_elementor_page_settings":null,"_elementor_data":null,"_elementor_version":null,"_wpml_location_migration_done":null,"_elementor_css":null,"rank_math_og_content_image":null,"_top_nav_excluded":"","_cms_nav_minihome":"","_wp_old_date":null,"_last_translation_edit_mode":"translation-editor","rank_math_internal_links_processed":"1","rb_global_meta":{"last_tab":{"foxiz_page_options":""},"page_header_style":"0","page_breadcrumb":"0","breadcrumb_pos":"0","page_header_width":"default","width_wo_sb":"default","sidebar_position":"default","sidebar_name":"default","table_contents_page":"default","table_contents_layout":"default","table_contents_position":"","header_style":"0","header_template":"","mh_template":"","nav_style":"default","footer_template":"","meta_description":"","disable_top_ad":"default","disable_header_ad":"default","alert_bar":"default","auto_ads":"default"},"rank_math_analytic_object_id":"17","_elementor_template_widget_type":null,"_elementor_popup_display_settings":null,"_elementor_controls_usage":null,"rank_math_seo_score":null,"rank_math_description":"En partenariat avec CanadaOps24, vous pouvez mettre votre marque en relation avec un public national de confiance. Explorez les publicit\u00e9s natives, le contenu sponsoris\u00e9 et les campagnes personnalis\u00e9es qui ont un impact r\u00e9el.","rank_math_focus_keyword":null,"_edit_last":"1","_wpml_media_duplicate":null,"_wpml_media_featured":null,"_elementor_page_assets":[],"_elementor_element_cache":null,"_thumbnail_id":null,"_wp_desired_post_slug":null,"wpml_current_locale":"fr_CA","wpml_translations":[],"_links":{"self":[{"href":"https:\/\/www.lcn.today\/fr\/wp-json\/wp\/v2\/pages\/3049","targetHints":{"allow":["GET"]}}],"collection":[{"href":"https:\/\/www.lcn.today\/fr\/wp-json\/wp\/v2\/pages"}],"about":[{"href":"https:\/\/www.lcn.today\/fr\/wp-json\/wp\/v2\/types\/page"}],"author":[{"embeddable":true,"href":"https:\/\/www.lcn.today\/fr\/wp-json\/wp\/v2\/users\/1"}],"replies":[{"embeddable":true,"href":"https:\/\/www.lcn.today\/fr\/wp-json\/wp\/v2\/comments?post=3049"}],"version-history":[{"count":2,"href":"https:\/\/www.lcn.today\/fr\/wp-json\/wp\/v2\/pages\/3049\/revisions"}],"predecessor-version":[{"id":3531,"href":"https:\/\/www.lcn.today\/fr\/wp-json\/wp\/v2\/pages\/3049\/revisions\/3531"}],"wp:attachment":[{"href":"https:\/\/www.lcn.today\/fr\/wp-json\/wp\/v2\/media?parent=3049"}],"curies":[{"name":"wp","href":"https:\/\/api.w.org\/{rel}","templated":true}]}}