{"id":3721,"date":"2025-04-14T11:04:18","date_gmt":"2025-04-14T15:04:18","guid":{"rendered":"\/contact-us\/"},"modified":"2025-04-27T08:11:39","modified_gmt":"2025-04-27T12:11:39","slug":"contact-us","status":"publish","type":"page","link":"https:\/\/www.lcn.today\/fr\/contact-us\/","title":{"rendered":"Nous contacter"},"content":{"rendered":"\t\t<div data-elementor-type=\"wp-page\" data-elementor-id=\"3721\" class=\"elementor elementor-3721 elementor-3719\">\n\t\t\t\t<div class=\"elementor-element elementor-element-8f9c473 e-flex e-con-boxed e-con e-parent\" data-id=\"8f9c473\" data-element_type=\"container\" data-e-type=\"container\">\n\t\t\t\t\t<div class=\"e-con-inner\">\n\t\t\t\t<div class=\"elementor-element elementor-element-5016ccf elementor-widget elementor-widget-heading\" data-id=\"5016ccf\" data-element_type=\"widget\" data-e-type=\"widget\" data-widget_type=\"heading.default\">\n\t\t\t\t<div class=\"elementor-widget-container\">\n\t\t\t\t\t<h4 class=\"elementor-heading-title elementor-size-default\">Prendre contact<\/h4>\t\t\t\t<\/div>\n\t\t\t\t<\/div>\n\t\t\t\t<div class=\"elementor-element elementor-element-8e6b5d3 elementor-widget elementor-widget-heading\" data-id=\"8e6b5d3\" data-element_type=\"widget\" data-e-type=\"widget\" data-widget_type=\"heading.default\">\n\t\t\t\t<div class=\"elementor-widget-container\">\n\t\t\t\t\t<h1 class=\"elementor-heading-title elementor-size-default\">Contactez-nous<\/h1>\t\t\t\t<\/div>\n\t\t\t\t<\/div>\n\t\t\t\t\t<\/div>\n\t\t\t\t<\/div>\n\t\t<div class=\"elementor-element elementor-element-0a1d5ba e-flex e-con-boxed e-con e-parent\" data-id=\"0a1d5ba\" data-element_type=\"container\" data-e-type=\"container\">\n\t\t\t\t\t<div class=\"e-con-inner\">\n\t\t\t\t<div class=\"elementor-element elementor-element-316404f elementor-widget elementor-widget-html\" data-id=\"316404f\" data-element_type=\"widget\" data-e-type=\"widget\" data-widget_type=\"html.default\">\n\t\t\t\t<div class=\"elementor-widget-container\">\n\t\t\t\t\t<p style=\"margin-top: 15px;font-size: 14px;font-style: italic\">Vous avez une question, une id\u00e9e ou une demande ? Nous serions ravis de vous entendre. Que vous soyez lecteur, contributeur ou annonceur \u2014 contactez-nous en utilisant les informations ci-dessous.<\/p>\t\t\t\t<\/div>\n\t\t\t\t<\/div>\n\t\t\t\t<div class=\"elementor-element elementor-element-e2a7987 elementor-widget elementor-widget-shortcode\" data-id=\"e2a7987\" data-element_type=\"widget\" data-e-type=\"widget\" data-widget_type=\"shortcode.default\">\n\t\t\t\t<div class=\"elementor-widget-container\">\n\t\t\t\t\t\t\t<div class=\"elementor-shortcode\"><p class=\"wpcf7-contact-form-not-found\"><strong>Error:<\/strong> Contact form not found.<\/p><\/div>\n\t\t\t\t\t\t<\/div>\n\t\t\t\t<\/div>\n\t\t\t\t<div class=\"elementor-element elementor-element-4898921 elementor-widget elementor-widget-html\" data-id=\"4898921\" data-element_type=\"widget\" data-e-type=\"widget\" data-widget_type=\"html.default\">\n\t\t\t\t<div class=\"elementor-widget-container\">\n\t\t\t\t\t<div style=\"margin-top: 10px;\">\n    <h3>Contacts directs<\/h3>\n    <br>\n    <p>\ud83d\udce9 Demandes g\u00e9n\u00e9rales & Support : <a href=\"mailto:contact@lcn.today\">contact@lcn.today<\/a><\/p>\n    <p>\ud83d\udd8a\ufe0f Soumettre un article ou devenir contributeur : <a href=\"mailto:editorial@lcn.today\">editorial@lcn.today<\/a><\/p>\n<\/div>\n\n<!-- Address -->\n<div style=\"margin-top: 40px;\">\n    <h3>Notre bureau<\/h3>\n    <br>\n    <p>\ud83d\udccd LCN Media Inc. <br \/>\n    25 rue York, bureau 1100<br \/>\n    Toronto, ON M5J 2V5, Canada<\/p>\n    <p><a href=\"https:\/\/www.google.com\/maps\/place\/25+York+St,+Toronto,+ON+M5J+2V5,+Canada\" target=\"_blank\" rel=\"nofollow noopener\">Voir sur Google Maps<\/a><\/p>\n<\/div>\n\n<!-- Hours -->\n<div style=\"margin-top: 40px;\">\n    <h3>Horaires d'ouverture<\/h3>\n    <br>\n    <p>Du lundi au vendredi : 9h00 \u2013 18h00 (EST)<br \/>\n    Ferm\u00e9 les week-ends et les jours f\u00e9ri\u00e9s.<\/p>\n<\/div>\n\n<!-- FAQ -->\n<div style=\"margin-top: 40px;\">\n    <h3>Questions fr\u00e9quentes<\/h3>\n    <br>\n    <ul style=\"padding-left:14px\">\n      <li><strong>Travaillez-vous avec des auteurs externes ?<\/strong><br \/>\n      Oui ! Nous accueillons activement les contributions de voix locales \u00e0 travers le Canada. Contactez-nous via <a href=\"mailto:editorial@lcn.today\">editorial@lcn.today<\/a>.<\/li><br \/>\n      \n      <li><strong>Avez-vous des directives \u00e9ditoriales pour les articles soumis ?<\/strong><br \/>\n      Oui, toutes les soumissions doivent \u00eatre originales, factuelles et pertinentes pour les lecteurs canadiens. Les directives compl\u00e8tes sont disponibles sur demande.<\/li><br \/>\n\n      <li><strong>Puis-je faire de la publicit\u00e9 sur votre site ?<\/strong><br \/>\n      Absolument. Consultez notre page <a href=\"\/advertise-with-us\">Annoncez avec nous<\/a> ou contactez <a href=\"mailto:partners@lcn.today\">partners@lcn.today<\/a> pour plus de d\u00e9tails.<\/li>\n    <\/ul>\n<\/div>\t\t\t\t<\/div>\n\t\t\t\t<\/div>\n\t\t\t\t\t<\/div>\n\t\t\t\t<\/div>\n\t\t\t\t<\/div>\n\t\t","protected":false},"excerpt":{"rendered":"<p>Prendre contact Contactez-nous Vous avez une question, une id\u00e9e ou une demande ? Nous serions ravis de vous entendre. Que vous soyez lecteur, contributeur ou annonceur \u2014 contactez-nous en utilisant les informations ci-dessous. Contacts directs \ud83d\udce9 Demandes g\u00e9n\u00e9rales &#038; Support : contact@lcn.today \ud83d\udd8a\ufe0f Soumettre un article ou devenir contributeur : editorial@lcn.today Notre bureau \ud83d\udccd LCN [&hellip;]<\/p>\n","protected":false},"author":1,"featured_media":0,"parent":0,"menu_order":0,"comment_status":"closed","ping_status":"closed","template":"","meta":{"footnotes":""},"class_list":["post-3721","page","type-page","status-publish"],"_wp_attachment_metadata":null,"_wp_attached_file":null,"wpml_media_processed":null,"_wp_attachment_wp_user_avatar":null,"_wp_attachment_image_alt":null,"text_subscribed":null,"text_error":null,"text_invalid_email":null,"text_already_subscribed":null,"text_required_field_missing":null,"text_unsubscribed":null,"text_not_subscribed":null,"text_no_lists_selected":null,"_mc4wp_settings":null,"text_updated":null,"_menu_item_type":null,"_menu_item_menu_item_parent":null,"_menu_item_object_id":null,"_menu_item_object":null,"_menu_item_target":null,"_menu_item_classes":null,"_menu_item_xfn":null,"_menu_item_url":null,"_menu_item_orphaned":null,"foxiz_menu_meta":null,"ao_post_optimize":null,"rank_math_title":"Nous contacter | Prenez contact avec Nouvelles Locales Canadiennes (LCN)","rank_math_pillar_content":null,"_pingme":null,"_encloseme":null,"ruby_live_blog":null,"rank_math_primary_category":null,"ppma_disable_author_box":null,"ruby_tagline":null,"ppma_boxes_layout_meta_value":null,"ppmacf_slug":null,"ppmacf_type":null,"ppmacf_field_status":null,"ppmacf_requirement":null,"ppmacf_social_profile":null,"ppmacf_schema_property":null,"ppmacf_rel":null,"ppmacf_target":null,"ppmacf_description":null,"ppmacf_inbuilt":null,"_wp_old_slug":null,"footnotes":null,"_form":null,"_mail":null,"_mail_2":null,"_messages":null,"_additional_settings":null,"_locale":null,"_config_errors":null,"_hash":null,"_config_validation":null,"_wp_trash_meta_status":null,"_wp_trash_meta_time":null,"ppma_authors_name":"Jack Martin","foxiz_content_total_word":"174","_wpml_word_count":"187","_elementor_edit_mode":"builder","_elementor_template_type":"wp-page","_edit_lock":"1745755904:1","_wp_page_template":"default","_elementor_page_settings":null,"_elementor_data":"[{\"id\":\"8f9c473\",\"elType\":\"container\",\"settings\":{\"flex_direction\":\"column\"},\"elements\":[{\"id\":\"5016ccf\",\"elType\":\"widget\",\"settings\":{\"title\":\"Prendre contact\",\"header_size\":\"h4\",\"align\":\"center\"},\"elements\":[],\"widgetType\":\"heading\"},{\"id\":\"8e6b5d3\",\"elType\":\"widget\",\"settings\":{\"title\":\"Contactez-nous\",\"header_size\":\"h1\",\"align\":\"center\"},\"elements\":[],\"widgetType\":\"heading\"}],\"isInner\":false},{\"id\":\"0a1d5ba\",\"elType\":\"container\",\"settings\":[],\"elements\":[{\"id\":\"316404f\",\"elType\":\"widget\",\"settings\":{\"html\":\"<p style=\\\"margin-top: 15px;font-size: 14px;font-style: italic\\\">Vous avez une question, une id\\u00e9e ou une demande ? Nous serions ravis de vous entendre. Que vous soyez lecteur, contributeur ou annonceur \\u2014 contactez-nous en utilisant les informations ci-dessous.<\\\/p>\"},\"elements\":[],\"widgetType\":\"html\"},{\"id\":\"e2a7987\",\"elType\":\"widget\",\"settings\":{\"shortcode\":\"[contact-form-7 id=\\\"8b6a01e\\\" title=\\\"Formulaire de contact 1\\\"]\"},\"elements\":[],\"widgetType\":\"shortcode\"},{\"id\":\"4898921\",\"elType\":\"widget\",\"settings\":{\"html\":\"<div style=\\\"margin-top: 10px;\\\">\\n    <h3>Contacts directs<\\\/h3>\\n    <br>\\n    <p>\\ud83d\\udce9 Demandes g\\u00e9n\\u00e9rales & Support : <a href=\\\"mailto:contact@lcn.today\\\">contact@lcn.today<\\\/a><\\\/p>\\n    <p>\\ud83d\\udd8a\\ufe0f Soumettre un article ou devenir contributeur : <a href=\\\"mailto:editorial@lcn.today\\\">editorial@lcn.today<\\\/a><\\\/p>\\n<\\\/div>\\n\\n<!-- Address -->\\n<div style=\\\"margin-top: 40px;\\\">\\n    <h3>Notre bureau<\\\/h3>\\n    <br>\\n    <p>\\ud83d\\udccd LCN Media Inc. <br \\\/>\\n    25 rue York, bureau 1100<br \\\/>\\n    Toronto, ON M5J 2V5, Canada<\\\/p>\\n    <p><a href=\\\"https:\\\/\\\/www.google.com\\\/maps\\\/place\\\/25+York+St,+Toronto,+ON+M5J+2V5,+Canada\\\" target=\\\"_blank\\\">Voir sur Google Maps<\\\/a><\\\/p>\\n<\\\/div>\\n\\n<!-- Hours -->\\n<div style=\\\"margin-top: 40px;\\\">\\n    <h3>Horaires d'ouverture<\\\/h3>\\n    <br>\\n    <p>Du lundi au vendredi : 9h00 \\u2013 18h00 (EST)<br \\\/>\\n    Ferm\\u00e9 les week-ends et les jours f\\u00e9ri\\u00e9s.<\\\/p>\\n<\\\/div>\\n\\n<!-- FAQ -->\\n<div style=\\\"margin-top: 40px;\\\">\\n    <h3>Questions fr\\u00e9quentes<\\\/h3>\\n    <br>\\n    <ul style=\\\"padding-left:14px\\\">\\n      <li><strong>Travaillez-vous avec des auteurs externes ?<\\\/strong><br \\\/>\\n      Oui ! Nous accueillons activement les contributions de voix locales \\u00e0 travers le Canada. Contactez-nous via <a href=\\\"mailto:editorial@lcn.today\\\">editorial@lcn.today<\\\/a>.<\\\/li><br \\\/>\\n      \\n      <li><strong>Avez-vous des directives \\u00e9ditoriales pour les articles soumis ?<\\\/strong><br \\\/>\\n      Oui, toutes les soumissions doivent \\u00eatre originales, factuelles et pertinentes pour les lecteurs canadiens. Les directives compl\\u00e8tes sont disponibles sur demande.<\\\/li><br \\\/>\\n\\n      <li><strong>Puis-je faire de la publicit\\u00e9 sur votre site ?<\\\/strong><br \\\/>\\n      Absolument. Consultez notre page <a href=\\\"\\\/advertise-with-us\\\">Annoncez avec nous<\\\/a> ou contactez <a href=\\\"mailto:partners@lcn.today\\\">partners@lcn.today<\\\/a> pour plus de d\\u00e9tails.<\\\/li>\\n    <\\\/ul>\\n<\\\/div>\"},\"elements\":[],\"widgetType\":\"html\"}],\"isInner\":false}]","_elementor_version":"3.27.7","_wpml_location_migration_done":"1","_elementor_css":{"time":1774742923,"fonts":[],"icons":[],"dynamic_elements_ids":[],"status":"file","0":""},"rank_math_og_content_image":null,"_top_nav_excluded":"","_cms_nav_minihome":"","_wp_old_date":null,"_last_translation_edit_mode":"native-editor","rank_math_internal_links_processed":"1","rb_global_meta":{"last_tab":{"foxiz_page_options":""},"page_header_style":"0","page_breadcrumb":"0","breadcrumb_pos":"0","page_header_width":"default","width_wo_sb":"default","sidebar_position":"default","sidebar_name":"default","table_contents_page":"default","table_contents_layout":"default","table_contents_position":"","header_style":"0","header_template":"","mh_template":"","nav_style":"default","footer_template":"","meta_description":"","disable_top_ad":"default","disable_header_ad":"default","alert_bar":"default","auto_ads":"default"},"rank_math_analytic_object_id":"58","_elementor_template_widget_type":"","_elementor_popup_display_settings":"","_elementor_controls_usage":null,"rank_math_seo_score":"7","rank_math_description":"Vous avez une question, un commentaire ou une demande de partenariat ? Contactez l'\u00e9quipe de Nouvelles Locales Canadiennes (LCN) \u2014 nous sommes l\u00e0 pour soutenir nos lecteurs, contributeurs et collaborateurs \u00e0 travers le Canada. ","rank_math_focus_keyword":null,"_edit_last":null,"_wpml_media_duplicate":"1","_wpml_media_featured":"1","_elementor_page_assets":{"styles":["widget-heading"],"scripts":["elementor-frontend"]},"_elementor_element_cache":"{\"timeout\":1775468067,\"value\":{\"content\":\"<div class=\\\"elementor-element elementor-element-8f9c473 e-flex e-con-boxed e-con e-parent\\\" data-id=\\\"8f9c473\\\" data-element_type=\\\"container\\\" data-e-type=\\\"container\\\">\\n\\t\\t\\t\\t\\t<div class=\\\"e-con-inner\\\">\\n\\t\\t\\t\\t<div class=\\\"elementor-element elementor-element-5016ccf elementor-widget elementor-widget-heading\\\" data-id=\\\"5016ccf\\\" data-element_type=\\\"widget\\\" data-e-type=\\\"widget\\\" data-widget_type=\\\"heading.default\\\">\\n\\t\\t\\t\\t<div class=\\\"elementor-widget-container\\\">\\n\\t\\t\\t\\t\\t<h4 class=\\\"elementor-heading-title elementor-size-default\\\">Prendre contact<\\\/h4>\\t\\t\\t\\t<\\\/div>\\n\\t\\t\\t\\t<\\\/div>\\n\\t\\t\\t\\t<div class=\\\"elementor-element elementor-element-8e6b5d3 elementor-widget elementor-widget-heading\\\" data-id=\\\"8e6b5d3\\\" data-element_type=\\\"widget\\\" data-e-type=\\\"widget\\\" data-widget_type=\\\"heading.default\\\">\\n\\t\\t\\t\\t<div class=\\\"elementor-widget-container\\\">\\n\\t\\t\\t\\t\\t<h1 class=\\\"elementor-heading-title elementor-size-default\\\">Contactez-nous<\\\/h1>\\t\\t\\t\\t<\\\/div>\\n\\t\\t\\t\\t<\\\/div>\\n\\t\\t\\t\\t\\t<\\\/div>\\n\\t\\t\\t\\t<\\\/div>\\n\\t\\t<div class=\\\"elementor-element elementor-element-0a1d5ba e-flex e-con-boxed e-con e-parent\\\" data-id=\\\"0a1d5ba\\\" data-element_type=\\\"container\\\" data-e-type=\\\"container\\\">\\n\\t\\t\\t\\t\\t<div class=\\\"e-con-inner\\\">\\n\\t\\t\\t\\t<div class=\\\"elementor-element elementor-element-316404f elementor-widget elementor-widget-html\\\" data-id=\\\"316404f\\\" data-element_type=\\\"widget\\\" data-e-type=\\\"widget\\\" data-widget_type=\\\"html.default\\\">\\n\\t\\t\\t\\t<div class=\\\"elementor-widget-container\\\">\\n\\t\\t\\t\\t\\t<p style=\\\"margin-top: 15px;font-size: 14px;font-style: italic\\\">Vous avez une question, une id\\u00e9e ou une demande ? Nous serions ravis de vous entendre. Que vous soyez lecteur, contributeur ou annonceur \\u2014 contactez-nous en utilisant les informations ci-dessous.<\\\/p>\\t\\t\\t\\t<\\\/div>\\n\\t\\t\\t\\t<\\\/div>\\n\\t\\t[elementor-element k=\\\"c41c67c50890644e163794d7832b7b00\\\" data=\\\"eyJpZCI6ImUyYTc5ODciLCJlbFR5cGUiOiJ3aWRnZXQiLCJzZXR0aW5ncyI6eyJzaG9ydGNvZGUiOiJbY29udGFjdC1mb3JtLTcgaWQ9XCI4YjZhMDFlXCIgdGl0bGU9XCJGb3JtdWxhaXJlIGRlIGNvbnRhY3QgMVwiXSJ9LCJlbGVtZW50cyI6W10sIndpZGdldFR5cGUiOiJzaG9ydGNvZGUifQ==\\\"]\\t\\t<div class=\\\"elementor-element elementor-element-4898921 elementor-widget elementor-widget-html\\\" data-id=\\\"4898921\\\" data-element_type=\\\"widget\\\" data-e-type=\\\"widget\\\" data-widget_type=\\\"html.default\\\">\\n\\t\\t\\t\\t<div class=\\\"elementor-widget-container\\\">\\n\\t\\t\\t\\t\\t<div style=\\\"margin-top: 10px;\\\">\\n    <h3>Contacts directs<\\\/h3>\\n    <br>\\n    <p>\\ud83d\\udce9 Demandes g\\u00e9n\\u00e9rales & Support : <a href=\\\"mailto:contact@lcn.today\\\">contact@lcn.today<\\\/a><\\\/p>\\n    <p>\\ud83d\\udd8a\\ufe0f Soumettre un article ou devenir contributeur : <a href=\\\"mailto:editorial@lcn.today\\\">editorial@lcn.today<\\\/a><\\\/p>\\n<\\\/div>\\n\\n<!-- Address -->\\n<div style=\\\"margin-top: 40px;\\\">\\n    <h3>Notre bureau<\\\/h3>\\n    <br>\\n    <p>\\ud83d\\udccd LCN Media Inc. <br \\\/>\\n    25 rue York, bureau 1100<br \\\/>\\n    Toronto, ON M5J 2V5, Canada<\\\/p>\\n    <p><a href=\\\"https:\\\/\\\/www.google.com\\\/maps\\\/place\\\/25+York+St,+Toronto,+ON+M5J+2V5,+Canada\\\" target=\\\"_blank\\\">Voir sur Google Maps<\\\/a><\\\/p>\\n<\\\/div>\\n\\n<!-- Hours -->\\n<div style=\\\"margin-top: 40px;\\\">\\n    <h3>Horaires d'ouverture<\\\/h3>\\n    <br>\\n    <p>Du lundi au vendredi : 9h00 \\u2013 18h00 (EST)<br \\\/>\\n    Ferm\\u00e9 les week-ends et les jours f\\u00e9ri\\u00e9s.<\\\/p>\\n<\\\/div>\\n\\n<!-- FAQ -->\\n<div style=\\\"margin-top: 40px;\\\">\\n    <h3>Questions fr\\u00e9quentes<\\\/h3>\\n    <br>\\n    <ul style=\\\"padding-left:14px\\\">\\n      <li><strong>Travaillez-vous avec des auteurs externes ?<\\\/strong><br \\\/>\\n      Oui ! Nous accueillons activement les contributions de voix locales \\u00e0 travers le Canada. Contactez-nous via <a href=\\\"mailto:editorial@lcn.today\\\">editorial@lcn.today<\\\/a>.<\\\/li><br \\\/>\\n      \\n      <li><strong>Avez-vous des directives \\u00e9ditoriales pour les articles soumis ?<\\\/strong><br \\\/>\\n      Oui, toutes les soumissions doivent \\u00eatre originales, factuelles et pertinentes pour les lecteurs canadiens. Les directives compl\\u00e8tes sont disponibles sur demande.<\\\/li><br \\\/>\\n\\n      <li><strong>Puis-je faire de la publicit\\u00e9 sur votre site ?<\\\/strong><br \\\/>\\n      Absolument. Consultez notre page <a href=\\\"\\\/advertise-with-us\\\">Annoncez avec nous<\\\/a> ou contactez <a href=\\\"mailto:partners@lcn.today\\\">partners@lcn.today<\\\/a> pour plus de d\\u00e9tails.<\\\/li>\\n    <\\\/ul>\\n<\\\/div>\\t\\t\\t\\t<\\\/div>\\n\\t\\t\\t\\t<\\\/div>\\n\\t\\t\\t\\t\\t<\\\/div>\\n\\t\\t\\t\\t<\\\/div>\\n\\t\\t\",\"scripts\":[],\"styles\":[]}}","_thumbnail_id":null,"_wp_desired_post_slug":null,"wpml_current_locale":"fr_CA","wpml_translations":[],"_links":{"self":[{"href":"https:\/\/www.lcn.today\/fr\/wp-json\/wp\/v2\/pages\/3721","targetHints":{"allow":["GET"]}}],"collection":[{"href":"https:\/\/www.lcn.today\/fr\/wp-json\/wp\/v2\/pages"}],"about":[{"href":"https:\/\/www.lcn.today\/fr\/wp-json\/wp\/v2\/types\/page"}],"author":[{"embeddable":true,"href":"https:\/\/www.lcn.today\/fr\/wp-json\/wp\/v2\/users\/1"}],"replies":[{"embeddable":true,"href":"https:\/\/www.lcn.today\/fr\/wp-json\/wp\/v2\/comments?post=3721"}],"version-history":[{"count":11,"href":"https:\/\/www.lcn.today\/fr\/wp-json\/wp\/v2\/pages\/3721\/revisions"}],"predecessor-version":[{"id":4147,"href":"https:\/\/www.lcn.today\/fr\/wp-json\/wp\/v2\/pages\/3721\/revisions\/4147"}],"wp:attachment":[{"href":"https:\/\/www.lcn.today\/fr\/wp-json\/wp\/v2\/media?parent=3721"}],"curies":[{"name":"wp","href":"https:\/\/api.w.org\/{rel}","templated":true}]}}